{"id":2040,"date":"2024-11-29T09:33:37","date_gmt":"2024-11-29T08:33:37","guid":{"rendered":"https:\/\/potthoff-schuhe.de\/impressum\/"},"modified":"2025-01-14T09:57:18","modified_gmt":"2025-01-14T08:57:18","slug":"imprint","status":"publish","type":"page","link":"https:\/\/potthoff-schuhe.de\/en\/imprint\/","title":{"rendered":"Imprint"},"content":{"rendered":"<p>[et_pb_section fb_built=&#8221;1&#8243; admin_label=&#8221;Hero&#8221; _builder_version=&#8221;4.27.2&#8243; use_background_color_gradient=&#8221;on&#8221; background_color_gradient_type=&#8221;circular&#8221; background_color_gradient_direction_radial=&#8221;top left&#8221; background_color_gradient_stops=&#8221;rgba(40,40,40,0.79) 0%|rgba(40,40,40,0.86) 100%&#8221; background_color_gradient_overlays_image=&#8221;on&#8221; background_color_gradient_start=&#8221;rgba(40,40,40,0.79)&#8221; background_color_gradient_end=&#8221;rgba(40,40,40,0.86)&#8221; background_image=&#8221;https:\/\/potthoff-schuhe.de\/wp-content\/uploads\/images\/unternehmen\/potthoff-Schuhe-lager-DJI_20241018142911_0021_V-2.jpg&#8221; custom_margin=&#8221;||||false&#8221; custom_padding=&#8221;1vw||1vw||true|false&#8221; global_colors_info=&#8221;{}&#8221;][et_pb_row column_structure=&#8221;2_3,1_3&#8243; _builder_version=&#8221;4.27.2&#8243; global_colors_info=&#8221;{}&#8221;][et_pb_column type=&#8221;2_3&#8243; _builder_version=&#8221;4.16&#8243; custom_padding=&#8221;|||&#8221; global_colors_info=&#8221;{}&#8221; custom_padding__hover=&#8221;|||&#8221;][et_pb_text _builder_version=&#8221;4.27.2&#8243; text_font=&#8221;||||||||&#8221; header_font=&#8221;|700|||||||&#8221; header_font_size=&#8221;64px&#8221; header_line_height=&#8221;1.1em&#8221; background_layout=&#8221;dark&#8221; max_width=&#8221;800px&#8221; custom_margin=&#8221;||0px|&#8221; custom_padding=&#8221;|||16px&#8221; text_font_size_tablet=&#8221;14px&#8221; text_font_size_last_edited=&#8221;off|desktop&#8221; header_font_size_tablet=&#8221;44px&#8221; header_font_size_phone=&#8221;32px&#8221; header_font_size_last_edited=&#8221;on|phone&#8221; border_color_all=&#8221;#008AD2&#8243; border_width_left=&#8221;10px&#8221; global_colors_info=&#8221;{}&#8221;]<\/p>\n<h1>Imprint<\/h1>\n<p>[\/et_pb_text][et_pb_text disabled_on=&#8221;on|on|on&#8221; _builder_version=&#8221;4.27.2&#8243; text_font=&#8221;||||||||&#8221; text_font_size=&#8221;22px&#8221; text_line_height=&#8221;1.6em&#8221; header_font=&#8221;||||||||&#8221; text_orientation=&#8221;justified&#8221; background_layout=&#8221;dark&#8221; max_width=&#8221;630px&#8221; custom_margin=&#8221;|||&#8221; custom_padding=&#8221;20px||20px||true&#8221; text_font_size_tablet=&#8221;18px&#8221; text_font_size_phone=&#8221;&#8221; text_font_size_last_edited=&#8221;on|phone&#8221; disabled=&#8221;on&#8221; global_colors_info=&#8221;{}&#8221;]<\/p>\n<p>Lorem ipsum dolor sit amet, consetetur sadipscing elitr, sed diam nonumy eirmod tempor invidunt ut labore et dolore magna aliquyam erat, sed diam voluptua.<\/p>\n<p>[\/et_pb_text][et_pb_button button_text=&#8221;Button&#8221; disabled_on=&#8221;on|on|on&#8221; _builder_version=&#8221;4.27.2&#8243; custom_button=&#8221;on&#8221; button_text_size=&#8221;14px&#8221; button_bg_color=&#8221;#008AD2&#8243; button_border_width=&#8221;12px&#8221; button_border_color=&#8221;#008AD2&#8243; button_border_radius=&#8221;0px&#8221; button_letter_spacing=&#8221;4px&#8221; button_font=&#8221;|700||on|||||&#8221; button_icon=&#8221;&#x24;||divi||400&#8243; background_layout=&#8221;dark&#8221; custom_margin=&#8221;|||&#8221; disabled=&#8221;on&#8221; global_colors_info=&#8221;{}&#8221; button_text_size__hover_enabled=&#8221;off&#8221; button_one_text_size__hover_enabled=&#8221;off&#8221; button_two_text_size__hover_enabled=&#8221;off&#8221; button_text_color__hover_enabled=&#8221;off&#8221; button_one_text_color__hover_enabled=&#8221;off&#8221; button_two_text_color__hover_enabled=&#8221;off&#8221; button_border_width__hover_enabled=&#8221;off&#8221; button_one_border_width__hover_enabled=&#8221;off&#8221; button_two_border_width__hover_enabled=&#8221;off&#8221; button_border_color__hover_enabled=&#8221;on|desktop&#8221; button_one_border_color__hover_enabled=&#8221;off&#8221; button_two_border_color__hover_enabled=&#8221;off&#8221; button_border_radius__hover_enabled=&#8221;off&#8221; button_one_border_radius__hover_enabled=&#8221;off&#8221; button_two_border_radius__hover_enabled=&#8221;off&#8221; button_letter_spacing__hover_enabled=&#8221;off&#8221; button_one_letter_spacing__hover_enabled=&#8221;off&#8221; button_two_letter_spacing__hover_enabled=&#8221;off&#8221; button_bg_color__hover_enabled=&#8221;on|hover&#8221; button_one_bg_color__hover_enabled=&#8221;off&#8221; button_two_bg_color__hover_enabled=&#8221;off&#8221; button_bg_color__hover=&#8221;#A0DAF7&#8243; button_bg_enable_color__hover=&#8221;on&#8221; button_border_color__hover=&#8221;#A0DAF7&#8243;][\/et_pb_button][\/et_pb_column][et_pb_column type=&#8221;1_3&#8243; disabled_on=&#8221;on|on|on&#8221; _builder_version=&#8221;4.27.2&#8243; custom_padding=&#8221;|||&#8221; disabled=&#8221;on&#8221; global_colors_info=&#8221;{}&#8221; custom_padding__hover=&#8221;|||&#8221;][\/et_pb_column][\/et_pb_row][\/et_pb_section][et_pb_section fb_built=&#8221;1&#8243; admin_label=&#8221;About Us&#8221; _builder_version=&#8221;4.16&#8243; global_colors_info=&#8221;{}&#8221;][et_pb_row _builder_version=&#8221;4.16&#8243; global_colors_info=&#8221;{}&#8221;][et_pb_column type=&#8221;4_4&#8243; _builder_version=&#8221;4.16&#8243; custom_padding=&#8221;|||&#8221; global_colors_info=&#8221;{}&#8221; custom_padding__hover=&#8221;|||&#8221;][et_pb_text _builder_version=&#8221;4.27.2&#8243; text_font=&#8221;||||||||&#8221; header_font=&#8221;||||||||&#8221; header_2_font=&#8221;|700|||||||&#8221; header_2_text_align=&#8221;left&#8221; header_2_font_size=&#8221;30px&#8221; header_2_line_height=&#8221;1.2em&#8221; text_orientation=&#8221;center&#8221; module_alignment=&#8221;center&#8221; custom_margin=&#8221;|||&#8221; custom_padding=&#8221;|||&#8221; header_2_font_size_tablet=&#8221;26px&#8221; header_2_font_size_phone=&#8221;26px&#8221; header_2_font_size_last_edited=&#8221;on|desktop&#8221; locked=&#8221;off&#8221; global_colors_info=&#8221;{}&#8221;]<\/p>\n<h2>Responsible for Content According to \u00a7 5 TMG<\/h2>\n<p>[\/et_pb_text][et_pb_divider color=&#8221;#008AD2&#8243; divider_position=&#8221;center&#8221; divider_weight=&#8221;5px&#8221; _builder_version=&#8221;4.27.2&#8243; max_width=&#8221;50px&#8221; module_alignment=&#8221;left&#8221; locked=&#8221;off&#8221; global_colors_info=&#8221;{}&#8221;][\/et_pb_divider][\/et_pb_column][\/et_pb_row][et_pb_row disabled_on=&#8221;off|off|off&#8221; _builder_version=&#8221;4.27.2&#8243; global_colors_info=&#8221;{}&#8221;][et_pb_column type=&#8221;4_4&#8243; _builder_version=&#8221;4.16&#8243; custom_padding=&#8221;|||&#8221; global_colors_info=&#8221;{}&#8221; custom_padding__hover=&#8221;|||&#8221;][et_pb_text _builder_version=&#8221;4.27.2&#8243; text_font=&#8221;||||||||&#8221; text_font_size=&#8221;15px&#8221; text_line_height=&#8221;1.8em&#8221; text_orientation=&#8221;justified&#8221; module_alignment=&#8221;center&#8221; custom_padding=&#8221;|||&#8221; custom_padding_tablet=&#8221;|40px||40px||true&#8221; custom_padding_last_edited=&#8221;off|desktop&#8221; global_colors_info=&#8221;{}&#8221; custom_css_main_element_last_edited=&#8221;off|desktop&#8221;]<\/p>\n<p><strong>Legal website operator identification:<\/strong><\/p>\n<p>Arnold Potthoff GmbH &amp; Co. KG<br \/>S\u00fcdfeld 102<br \/>48308 Senden-B\u00f6sensell<br \/>Germany<br \/>Telephone: +492536807840<br \/>Telefax: +49 25368078438<br \/>E-Mail: info@potthoff-schuhe.de<br \/>VAT No.: DE126050520<\/p>\n<p>Listed in the commercial register of the local court Coesfeld<br \/>Commercial register number &#8211; Part A of the commercial register &#8211; 8646<\/p>\n<p>Represented by the individually liable partner<br \/>Potthoff Verwaltungsgesellschaft mbH<br \/>Represented by the general manager Martin Havixbeck-Hartmann<br \/>Im S\u00fcdfeld 102, 48308 Senden, Deutschland<br \/>Listed in the commercial register of the local court Coesfeld<br \/>Commercial register number &#8211; Part B of the commercial register &#8211; 17607<\/p>\n<p><strong>Competent supervisory authority for audiovisual media services:<\/strong><\/p>\n<p>Landesanstalt f\u00fcr Medien NRW<br \/>Zollhof 2<br \/>40221 D\u00fcsseldorf<br \/>Internet: <a href=\"https:\/\/www.medienanstalt-nrw.de\/\" target=\"_blank\" rel=\"noopener\">https:\/\/www.medienanstalt-nrw.de\/<\/a>\u00a0<\/p>\n<p>We are neither willing nor obliged to participate in dispute resolution proceedings before consumer arbitration boards.<\/p>\n<p><strong>We are a member of the initiative \u201eFairCommerce\u201c since 27.05.2020.<\/strong><br \/>For more information, see: <a href=\"http:\/\/www.haendlerbund.de\/faircommerce\" target=\"_blank\" rel=\"noopener\">www.haendlerbund.de\/faircommerce<\/a>.<\/p>\n<p>[\/et_pb_text][\/et_pb_column][\/et_pb_row][et_pb_row disabled_on=&#8221;off|off|off&#8221; _builder_version=&#8221;4.27.2&#8243; global_colors_info=&#8221;{}&#8221;][et_pb_column type=&#8221;4_4&#8243; _builder_version=&#8221;4.16&#8243; custom_padding=&#8221;|||&#8221; global_colors_info=&#8221;{}&#8221; custom_padding__hover=&#8221;|||&#8221;][et_pb_text _builder_version=&#8221;4.27.2&#8243; text_font=&#8221;||||||||&#8221; text_font_size=&#8221;15px&#8221; text_line_height=&#8221;1.8em&#8221; text_orientation=&#8221;justified&#8221; module_alignment=&#8221;center&#8221; custom_padding=&#8221;|||&#8221; custom_padding_tablet=&#8221;|40px||40px||true&#8221; custom_padding_last_edited=&#8221;off|desktop&#8221; global_colors_info=&#8221;{}&#8221; custom_css_main_element_last_edited=&#8221;off|desktop&#8221;]<\/p>\n<p><strong>Website Development and Programming<\/strong><\/p>\n<p>Delsol Webdesign<br \/>M\u00fcnster (NRW)<br \/><a href=\"https:\/\/www.delsol-webdesign.de\/\" target=\"_blank\" rel=\"noopener noreferrer\">www.delsol-webdesign.de<\/a><\/p>\n<p>[\/et_pb_text][\/et_pb_column][\/et_pb_row][et_pb_row disabled_on=&#8221;on|on|on&#8221; _builder_version=&#8221;4.27.2&#8243; disabled=&#8221;on&#8221; global_colors_info=&#8221;{}&#8221;][et_pb_column type=&#8221;4_4&#8243; _builder_version=&#8221;4.16&#8243; custom_padding=&#8221;|||&#8221; global_colors_info=&#8221;{}&#8221; custom_padding__hover=&#8221;|||&#8221;][et_pb_text _builder_version=&#8221;4.27.2&#8243; text_font=&#8221;||||||||&#8221; text_font_size=&#8221;15px&#8221; text_line_height=&#8221;1.8em&#8221; text_orientation=&#8221;justified&#8221; module_alignment=&#8221;center&#8221; custom_padding=&#8221;|||&#8221; custom_padding_tablet=&#8221;|40px||40px||true&#8221; custom_padding_last_edited=&#8221;off|desktop&#8221; custom_css_main_element=&#8221;column-count: 2;||column-gap: 60px;&#8221; global_colors_info=&#8221;{}&#8221; custom_css_main_element_last_edited=&#8221;on|tablet&#8221; custom_css_main_element_phone=&#8221;column-count: 1;&#8221; custom_css_main_element_tablet=&#8221;column-count: 2;||column-gap: 60px;&#8221;]<\/p>\n<p>Lorem ipsum dolor sit amet, consetetur sadipscing elitr, sed diam nonumy eirmod tempor invidunt ut labore et dolore magna aliquyam erat, sed diam voluptua. At vero eos et accusam et justo duo dolores et ea rebum. Stet clita kasd gubergren, no sea takimata sanctus est Lorem ipsum dolor sit amet. Lorem ipsum dolor sit amet, consetetur sadipscing elitr, sed diam nonumy eirmod tempor invidunt ut labore et dolore magna aliquyam erat, sed diam voluptua. At vero eos et accusam et justo duo dolores et ea rebum. Stet clita kasd gubergren, no sea takimata sanctus est Lorem ipsum dolor sit amet.<\/p>\n<p>Lorem ipsum dolor sit amet, consetetur sadipscing elitr, sed diam nonumy eirmod tempor invidunt ut labore et dolore magna aliquyam erat, sed diam voluptua. At vero eos et accusam et justo duo dolores et ea rebum. Stet clita kasd gubergren, no sea takimata sanctus est Lorem ipsum dolor sit amet. Lorem ipsum dolor sit amet, consetetur sadipscing elitr, sed diam nonumy eirmod tempor invidunt ut labore et dolore magna aliquyam erat, sed diam voluptua. At vero eos et accusam et justo duo dolores et ea rebum. Stet clita kasd gubergren, no sea takimata sanctus est Lorem ipsum dolor sit amet.<\/p>\n<p>[\/et_pb_text][\/et_pb_column][\/et_pb_row][\/et_pb_section]<\/p>\n","protected":false},"excerpt":{"rendered":"<p>ImprintLorem ipsum dolor sit amet, consetetur sadipscing elitr, sed diam nonumy eirmod tempor invidunt ut labore et dolore magna aliquyam erat, sed diam voluptua.Responsible for Content According to \u00a7 5 TMGLegal website operator identification: Arnold Potthoff GmbH &amp; Co. KGS\u00fcdfeld 10248308 Senden-B\u00f6sensellGermanyTelephone: +492536807840Telefax: +49 25368078438E-Mail: info@potthoff-schuhe.deVAT No.: DE126050520 Listed in the commercial register of the [&hellip;]<\/p>\n","protected":false},"author":1,"featured_media":0,"parent":0,"menu_order":0,"comment_status":"closed","ping_status":"closed","template":"","meta":{"_et_pb_use_builder":"on","_et_pb_old_content":"","_et_gb_content_width":"","_themeisle_gutenberg_block_has_review":false,"footnotes":""},"class_list":["post-2040","page","type-page","status-publish","hentry"],"yoast_head":"<!-- This site is optimized with the Yoast SEO plugin v27.3 - https:\/\/yoast.com\/product\/yoast-seo-wordpress\/ -->\n<title>Imprint - Potthoff GmbH &amp; Co. KG \/\/ Schuh-Fachgro\u00dfhandel in Senden<\/title>\n<meta name=\"description\" content=\"Imprint. Address: Arnold Potthoff GmbH &amp; Co KG Shoe Wholesale Im S\u00fcdfeld 102 48308 Senden-B\u00f6sensell Tel: +49 2536 - 80 784 0. Fax: +49 2536 - 80 784 23.\" \/>\n<meta name=\"robots\" content=\"index, follow, max-snippet:-1, max-image-preview:large, max-video-preview:-1\" \/>\n<link rel=\"canonical\" href=\"https:\/\/potthoff-schuhe.de\/en\/imprint\/\" \/>\n<meta property=\"og:locale\" content=\"en_US\" \/>\n<meta property=\"og:type\" content=\"article\" \/>\n<meta property=\"og:title\" content=\"Imprint - Potthoff GmbH &amp; Co. KG \/\/ Schuh-Fachgro\u00dfhandel in Senden\" \/>\n<meta property=\"og:description\" content=\"Imprint. Address: Arnold Potthoff GmbH &amp; Co KG Shoe Wholesale Im S\u00fcdfeld 102 48308 Senden-B\u00f6sensell Tel: +49 2536 - 80 784 0. Fax: +49 2536 - 80 784 23.\" \/>\n<meta property=\"og:url\" content=\"https:\/\/potthoff-schuhe.de\/en\/imprint\/\" \/>\n<meta property=\"og:site_name\" content=\"Potthoff GmbH &amp; Co. KG \/\/ Schuh-Fachgro\u00dfhandel in Senden\" \/>\n<meta property=\"article:modified_time\" content=\"2025-01-14T08:57:18+00:00\" \/>\n<meta name=\"twitter:card\" content=\"summary_large_image\" \/>\n<meta name=\"twitter:label1\" content=\"Est. reading time\" \/>\n\t<meta name=\"twitter:data1\" content=\"1 minute\" \/>\n<script type=\"application\/ld+json\" class=\"yoast-schema-graph\">{\"@context\":\"https:\\\/\\\/schema.org\",\"@graph\":[{\"@type\":\"WebPage\",\"@id\":\"https:\\\/\\\/potthoff-schuhe.de\\\/en\\\/imprint\\\/\",\"url\":\"https:\\\/\\\/potthoff-schuhe.de\\\/en\\\/imprint\\\/\",\"name\":\"Imprint - Potthoff GmbH & Co. KG \\\/\\\/ Schuh-Fachgro\u00dfhandel in Senden\",\"isPartOf\":{\"@id\":\"https:\\\/\\\/potthoff-schuhe.de\\\/en\\\/#website\"},\"datePublished\":\"2024-11-29T08:33:37+00:00\",\"dateModified\":\"2025-01-14T08:57:18+00:00\",\"description\":\"Imprint. Address: Arnold Potthoff GmbH & Co KG Shoe Wholesale Im S\u00fcdfeld 102 48308 Senden-B\u00f6sensell Tel: +49 2536 - 80 784 0. Fax: +49 2536 - 80 784 23.\",\"breadcrumb\":{\"@id\":\"https:\\\/\\\/potthoff-schuhe.de\\\/en\\\/imprint\\\/#breadcrumb\"},\"inLanguage\":\"en-US\",\"potentialAction\":[{\"@type\":\"ReadAction\",\"target\":[\"https:\\\/\\\/potthoff-schuhe.de\\\/en\\\/imprint\\\/\"]}]},{\"@type\":\"BreadcrumbList\",\"@id\":\"https:\\\/\\\/potthoff-schuhe.de\\\/en\\\/imprint\\\/#breadcrumb\",\"itemListElement\":[{\"@type\":\"ListItem\",\"position\":1,\"name\":\"Startseite\",\"item\":\"https:\\\/\\\/potthoff-schuhe.de\\\/en\\\/\"},{\"@type\":\"ListItem\",\"position\":2,\"name\":\"Imprint\"}]},{\"@type\":\"WebSite\",\"@id\":\"https:\\\/\\\/potthoff-schuhe.de\\\/en\\\/#website\",\"url\":\"https:\\\/\\\/potthoff-schuhe.de\\\/en\\\/\",\"name\":\"Potthoff GmbH & Co. KG \\\/\\\/ Schuh-Fachgro\u00dfhandel in Senden\",\"description\":\"\",\"publisher\":{\"@id\":\"https:\\\/\\\/potthoff-schuhe.de\\\/en\\\/#organization\"},\"potentialAction\":[{\"@type\":\"SearchAction\",\"target\":{\"@type\":\"EntryPoint\",\"urlTemplate\":\"https:\\\/\\\/potthoff-schuhe.de\\\/en\\\/?s={search_term_string}\"},\"query-input\":{\"@type\":\"PropertyValueSpecification\",\"valueRequired\":true,\"valueName\":\"search_term_string\"}}],\"inLanguage\":\"en-US\"},{\"@type\":\"Organization\",\"@id\":\"https:\\\/\\\/potthoff-schuhe.de\\\/en\\\/#organization\",\"name\":\"Arnold Potthoff GmbH & Co. KG\",\"alternateName\":\"Potthoff Schuhe - Potthoff GmbH & Co. KG\",\"url\":\"https:\\\/\\\/potthoff-schuhe.de\\\/en\\\/\",\"logo\":{\"@type\":\"ImageObject\",\"inLanguage\":\"en-US\",\"@id\":\"https:\\\/\\\/potthoff-schuhe.de\\\/en\\\/#\\\/schema\\\/logo\\\/image\\\/\",\"url\":\"https:\\\/\\\/potthoff-schuhe.de\\\/wp-content\\\/uploads\\\/logo\\\/logo2022.png\",\"contentUrl\":\"https:\\\/\\\/potthoff-schuhe.de\\\/wp-content\\\/uploads\\\/logo\\\/logo2022.png\",\"width\":500,\"height\":112,\"caption\":\"Arnold Potthoff GmbH & Co. KG\"},\"image\":{\"@id\":\"https:\\\/\\\/potthoff-schuhe.de\\\/en\\\/#\\\/schema\\\/logo\\\/image\\\/\"}}]}<\/script>\n<!-- \/ Yoast SEO plugin. -->","yoast_head_json":{"title":"Imprint - Potthoff GmbH & Co. KG \/\/ Schuh-Fachgro\u00dfhandel in Senden","description":"Imprint. Address: Arnold Potthoff GmbH & Co KG Shoe Wholesale Im S\u00fcdfeld 102 48308 Senden-B\u00f6sensell Tel: +49 2536 - 80 784 0. Fax: +49 2536 - 80 784 23.","robots":{"index":"index","follow":"follow","max-snippet":"max-snippet:-1","max-image-preview":"max-image-preview:large","max-video-preview":"max-video-preview:-1"},"canonical":"https:\/\/potthoff-schuhe.de\/en\/imprint\/","og_locale":"en_US","og_type":"article","og_title":"Imprint - Potthoff GmbH & Co. KG \/\/ Schuh-Fachgro\u00dfhandel in Senden","og_description":"Imprint. Address: Arnold Potthoff GmbH & Co KG Shoe Wholesale Im S\u00fcdfeld 102 48308 Senden-B\u00f6sensell Tel: +49 2536 - 80 784 0. Fax: +49 2536 - 80 784 23.","og_url":"https:\/\/potthoff-schuhe.de\/en\/imprint\/","og_site_name":"Potthoff GmbH & Co. KG \/\/ Schuh-Fachgro\u00dfhandel in Senden","article_modified_time":"2025-01-14T08:57:18+00:00","twitter_card":"summary_large_image","twitter_misc":{"Est. reading time":"1 minute"},"schema":{"@context":"https:\/\/schema.org","@graph":[{"@type":"WebPage","@id":"https:\/\/potthoff-schuhe.de\/en\/imprint\/","url":"https:\/\/potthoff-schuhe.de\/en\/imprint\/","name":"Imprint - Potthoff GmbH & Co. KG \/\/ Schuh-Fachgro\u00dfhandel in Senden","isPartOf":{"@id":"https:\/\/potthoff-schuhe.de\/en\/#website"},"datePublished":"2024-11-29T08:33:37+00:00","dateModified":"2025-01-14T08:57:18+00:00","description":"Imprint. Address: Arnold Potthoff GmbH & Co KG Shoe Wholesale Im S\u00fcdfeld 102 48308 Senden-B\u00f6sensell Tel: +49 2536 - 80 784 0. Fax: +49 2536 - 80 784 23.","breadcrumb":{"@id":"https:\/\/potthoff-schuhe.de\/en\/imprint\/#breadcrumb"},"inLanguage":"en-US","potentialAction":[{"@type":"ReadAction","target":["https:\/\/potthoff-schuhe.de\/en\/imprint\/"]}]},{"@type":"BreadcrumbList","@id":"https:\/\/potthoff-schuhe.de\/en\/imprint\/#breadcrumb","itemListElement":[{"@type":"ListItem","position":1,"name":"Startseite","item":"https:\/\/potthoff-schuhe.de\/en\/"},{"@type":"ListItem","position":2,"name":"Imprint"}]},{"@type":"WebSite","@id":"https:\/\/potthoff-schuhe.de\/en\/#website","url":"https:\/\/potthoff-schuhe.de\/en\/","name":"Potthoff GmbH & Co. KG \/\/ Schuh-Fachgro\u00dfhandel in Senden","description":"","publisher":{"@id":"https:\/\/potthoff-schuhe.de\/en\/#organization"},"potentialAction":[{"@type":"SearchAction","target":{"@type":"EntryPoint","urlTemplate":"https:\/\/potthoff-schuhe.de\/en\/?s={search_term_string}"},"query-input":{"@type":"PropertyValueSpecification","valueRequired":true,"valueName":"search_term_string"}}],"inLanguage":"en-US"},{"@type":"Organization","@id":"https:\/\/potthoff-schuhe.de\/en\/#organization","name":"Arnold Potthoff GmbH & Co. KG","alternateName":"Potthoff Schuhe - Potthoff GmbH & Co. KG","url":"https:\/\/potthoff-schuhe.de\/en\/","logo":{"@type":"ImageObject","inLanguage":"en-US","@id":"https:\/\/potthoff-schuhe.de\/en\/#\/schema\/logo\/image\/","url":"https:\/\/potthoff-schuhe.de\/wp-content\/uploads\/logo\/logo2022.png","contentUrl":"https:\/\/potthoff-schuhe.de\/wp-content\/uploads\/logo\/logo2022.png","width":500,"height":112,"caption":"Arnold Potthoff GmbH & Co. KG"},"image":{"@id":"https:\/\/potthoff-schuhe.de\/en\/#\/schema\/logo\/image\/"}}]}},"_links":{"self":[{"href":"https:\/\/potthoff-schuhe.de\/en\/wp-json\/wp\/v2\/pages\/2040","targetHints":{"allow":["GET"]}}],"collection":[{"href":"https:\/\/potthoff-schuhe.de\/en\/wp-json\/wp\/v2\/pages"}],"about":[{"href":"https:\/\/potthoff-schuhe.de\/en\/wp-json\/wp\/v2\/types\/page"}],"author":[{"embeddable":true,"href":"https:\/\/potthoff-schuhe.de\/en\/wp-json\/wp\/v2\/users\/1"}],"replies":[{"embeddable":true,"href":"https:\/\/potthoff-schuhe.de\/en\/wp-json\/wp\/v2\/comments?post=2040"}],"version-history":[{"count":6,"href":"https:\/\/potthoff-schuhe.de\/en\/wp-json\/wp\/v2\/pages\/2040\/revisions"}],"predecessor-version":[{"id":2293,"href":"https:\/\/potthoff-schuhe.de\/en\/wp-json\/wp\/v2\/pages\/2040\/revisions\/2293"}],"wp:attachment":[{"href":"https:\/\/potthoff-schuhe.de\/en\/wp-json\/wp\/v2\/media?parent=2040"}],"curies":[{"name":"wp","href":"https:\/\/api.w.org\/{rel}","templated":true}]}}